{"id":240,"date":"2023-05-03T16:49:05","date_gmt":"2023-05-03T16:49:05","guid":{"rendered":"https:\/\/fisioinfinity.es\/?page_id=240"},"modified":"2023-05-12T17:54:31","modified_gmt":"2023-05-12T17:54:31","slug":"mapa","status":"publish","type":"page","link":"https:\/\/fisioinfinity.es\/index.php\/mapa\/","title":{"rendered":"Mapa"},"content":{"rendered":"<p>[et_pb_section fb_built=&#8221;1&#8243; _builder_version=&#8221;4.20.1&#8243; _module_preset=&#8221;default&#8221; global_colors_info=&#8221;{}&#8221;][et_pb_row _builder_version=&#8221;4.20.1&#8243; _module_preset=&#8221;default&#8221; global_colors_info=&#8221;{}&#8221;][et_pb_column type=&#8221;4_4&#8243; _builder_version=&#8221;4.20.1&#8243; _module_preset=&#8221;default&#8221; global_colors_info=&#8221;{}&#8221;][et_pb_text _builder_version=&#8221;4.20.1&#8243; _module_preset=&#8221;default&#8221; global_colors_info=&#8221;{}&#8221;]<\/p>\n<h1><span><strong>Mapa del Sitio FisioInfinity<\/strong><\/span><\/h1>\n<p><span><strong><\/strong><\/span><\/p>\n<p>&nbsp;<\/p>\n<p><a href=\"https:\/\/fisioinfinity.es\/\" role=\"link\"><strong>Home<\/strong><\/a><\/p>\n<p><a href=\"https:\/\/fisioinfinity.es\/index.php\/servicios\/\" role=\"link\"><strong>Servicios<\/strong><\/a><\/p>\n<p><a href=\"https:\/\/fisioinfinity.es\/index.php\/blog\/\" role=\"link\"><strong>Blog<\/strong><\/a><\/p>\n<p><a href=\"https:\/\/fisioinfinity.es\/index.php\/precios\/\" role=\"link\"><strong>Precios<\/strong><\/a><\/p>\n<p><a href=\"https:\/\/fisioinfinity.es\/index.php\/contacto\/\" role=\"link\"><strong>Contacto<\/strong><\/a><\/p>\n<p><a href=\"https:\/\/fisioinfinity.es\/index.php\/mapa\" role=\"link\"><strong>Mapa del sitio<\/strong><\/a><\/p>\n<p><a href=\"https:\/\/fisioinfinity.es\/index.php\/accesibilidad\/\" role=\"link\"><strong>Accesibilidad<\/strong><\/a><\/p>\n<p><a href=\"https:\/\/fisioinfinity.es\/wp-content\/uploads\/2023\/05\/AVISOLEGAL.pdf\" role=\"link\"><strong>Aviso legal<\/strong><\/a><\/p>\n<p><a href=\"https:\/\/fisioinfinity.es\/index.php\/privacidad\/\" role=\"link\"><strong>Pol\u00edtica de privacidad<\/strong><\/a><\/p>\n<p><a href=\"https:\/\/fisioinfinity.es\/wp-content\/uploads\/2023\/05\/POLITICA-COOKIES.pdf\" role=\"link\"><strong>Pol\u00edtica de cookies<\/strong><\/a>[\/et_pb_text][\/et_pb_column][\/et_pb_row][\/et_pb_section]<\/p>\n","protected":false},"excerpt":{"rendered":"<p>Mapa del Sitio FisioInfinity &nbsp; Home Servicios Blog Precios Contacto Mapa del sitio Accesibilidad Aviso legal Pol\u00edtica de privacidad Pol\u00edtica de cookies<\/p>\n","protected":false},"author":1,"featured_media":0,"parent":0,"menu_order":0,"comment_status":"closed","ping_status":"closed","template":"","meta":{"_et_pb_use_builder":"on","_et_pb_old_content":"","_et_gb_content_width":"","footnotes":""},"class_list":["post-240","page","type-page","status-publish","hentry"],"yoast_head":"<!-- This site is optimized with the Yoast SEO plugin v24.5 - https:\/\/yoast.com\/wordpress\/plugins\/seo\/ -->\n<title>Mapa - Fisioinfinity<\/title>\n<meta name=\"robots\" content=\"index, follow, max-snippet:-1, max-image-preview:large, max-video-preview:-1\" \/>\n<link rel=\"canonical\" href=\"https:\/\/fisioinfinity.es\/index.php\/mapa\/\" \/>\n<meta property=\"og:locale\" content=\"es_ES\" \/>\n<meta property=\"og:type\" content=\"article\" \/>\n<meta property=\"og:title\" content=\"Mapa - Fisioinfinity\" \/>\n<meta property=\"og:description\" content=\"Mapa del Sitio FisioInfinity &nbsp; Home Servicios Blog Precios Contacto Mapa del sitio Accesibilidad Aviso legal Pol\u00edtica de privacidad Pol\u00edtica de cookies\" \/>\n<meta property=\"og:url\" content=\"https:\/\/fisioinfinity.es\/index.php\/mapa\/\" \/>\n<meta property=\"og:site_name\" content=\"Fisioinfinity\" \/>\n<meta property=\"article:modified_time\" content=\"2023-05-12T17:54:31+00:00\" \/>\n<meta name=\"twitter:card\" content=\"summary_large_image\" \/>\n<script type=\"application\/ld+json\" class=\"yoast-schema-graph\">{\"@context\":\"https:\/\/schema.org\",\"@graph\":[{\"@type\":\"WebPage\",\"@id\":\"https:\/\/fisioinfinity.es\/index.php\/mapa\/\",\"url\":\"https:\/\/fisioinfinity.es\/index.php\/mapa\/\",\"name\":\"Mapa - Fisioinfinity\",\"isPartOf\":{\"@id\":\"https:\/\/fisioinfinity.es\/#website\"},\"datePublished\":\"2023-05-03T16:49:05+00:00\",\"dateModified\":\"2023-05-12T17:54:31+00:00\",\"breadcrumb\":{\"@id\":\"https:\/\/fisioinfinity.es\/index.php\/mapa\/#breadcrumb\"},\"inLanguage\":\"es-CR\",\"potentialAction\":[{\"@type\":\"ReadAction\",\"target\":[\"https:\/\/fisioinfinity.es\/index.php\/mapa\/\"]}]},{\"@type\":\"BreadcrumbList\",\"@id\":\"https:\/\/fisioinfinity.es\/index.php\/mapa\/#breadcrumb\",\"itemListElement\":[{\"@type\":\"ListItem\",\"position\":1,\"name\":\"Portada\",\"item\":\"https:\/\/fisioinfinity.es\/\"},{\"@type\":\"ListItem\",\"position\":2,\"name\":\"Mapa\"}]},{\"@type\":\"WebSite\",\"@id\":\"https:\/\/fisioinfinity.es\/#website\",\"url\":\"https:\/\/fisioinfinity.es\/\",\"name\":\"Fisioinfinity\",\"description\":\"Cl\u00ednica de fisioterapia, osteopat\u00eda, pilates, entrenamiento personal y readaptaci\u00f3n deportiva\",\"potentialAction\":[{\"@type\":\"SearchAction\",\"target\":{\"@type\":\"EntryPoint\",\"urlTemplate\":\"https:\/\/fisioinfinity.es\/?s={search_term_string}\"},\"query-input\":{\"@type\":\"PropertyValueSpecification\",\"valueRequired\":true,\"valueName\":\"search_term_string\"}}],\"inLanguage\":\"es-CR\"}]}<\/script>\n<!-- \/ Yoast SEO plugin. -->","yoast_head_json":{"title":"Mapa - Fisioinfinity","robots":{"index":"index","follow":"follow","max-snippet":"max-snippet:-1","max-image-preview":"max-image-preview:large","max-video-preview":"max-video-preview:-1"},"canonical":"https:\/\/fisioinfinity.es\/index.php\/mapa\/","og_locale":"es_ES","og_type":"article","og_title":"Mapa - Fisioinfinity","og_description":"Mapa del Sitio FisioInfinity &nbsp; Home Servicios Blog Precios Contacto Mapa del sitio Accesibilidad Aviso legal Pol\u00edtica de privacidad Pol\u00edtica de cookies","og_url":"https:\/\/fisioinfinity.es\/index.php\/mapa\/","og_site_name":"Fisioinfinity","article_modified_time":"2023-05-12T17:54:31+00:00","twitter_card":"summary_large_image","schema":{"@context":"https:\/\/schema.org","@graph":[{"@type":"WebPage","@id":"https:\/\/fisioinfinity.es\/index.php\/mapa\/","url":"https:\/\/fisioinfinity.es\/index.php\/mapa\/","name":"Mapa - Fisioinfinity","isPartOf":{"@id":"https:\/\/fisioinfinity.es\/#website"},"datePublished":"2023-05-03T16:49:05+00:00","dateModified":"2023-05-12T17:54:31+00:00","breadcrumb":{"@id":"https:\/\/fisioinfinity.es\/index.php\/mapa\/#breadcrumb"},"inLanguage":"es-CR","potentialAction":[{"@type":"ReadAction","target":["https:\/\/fisioinfinity.es\/index.php\/mapa\/"]}]},{"@type":"BreadcrumbList","@id":"https:\/\/fisioinfinity.es\/index.php\/mapa\/#breadcrumb","itemListElement":[{"@type":"ListItem","position":1,"name":"Portada","item":"https:\/\/fisioinfinity.es\/"},{"@type":"ListItem","position":2,"name":"Mapa"}]},{"@type":"WebSite","@id":"https:\/\/fisioinfinity.es\/#website","url":"https:\/\/fisioinfinity.es\/","name":"Fisioinfinity","description":"Cl\u00ednica de fisioterapia, osteopat\u00eda, pilates, entrenamiento personal y readaptaci\u00f3n deportiva","potentialAction":[{"@type":"SearchAction","target":{"@type":"EntryPoint","urlTemplate":"https:\/\/fisioinfinity.es\/?s={search_term_string}"},"query-input":{"@type":"PropertyValueSpecification","valueRequired":true,"valueName":"search_term_string"}}],"inLanguage":"es-CR"}]}},"_links":{"self":[{"href":"https:\/\/fisioinfinity.es\/index.php\/wp-json\/wp\/v2\/pages\/240","targetHints":{"allow":["GET"]}}],"collection":[{"href":"https:\/\/fisioinfinity.es\/index.php\/wp-json\/wp\/v2\/pages"}],"about":[{"href":"https:\/\/fisioinfinity.es\/index.php\/wp-json\/wp\/v2\/types\/page"}],"author":[{"embeddable":true,"href":"https:\/\/fisioinfinity.es\/index.php\/wp-json\/wp\/v2\/users\/1"}],"replies":[{"embeddable":true,"href":"https:\/\/fisioinfinity.es\/index.php\/wp-json\/wp\/v2\/comments?post=240"}],"version-history":[{"count":10,"href":"https:\/\/fisioinfinity.es\/index.php\/wp-json\/wp\/v2\/pages\/240\/revisions"}],"predecessor-version":[{"id":290,"href":"https:\/\/fisioinfinity.es\/index.php\/wp-json\/wp\/v2\/pages\/240\/revisions\/290"}],"wp:attachment":[{"href":"https:\/\/fisioinfinity.es\/index.php\/wp-json\/wp\/v2\/media?parent=240"}],"curies":[{"name":"wp","href":"https:\/\/api.w.org\/{rel}","templated":true}]}}