{"id":245,"date":"2023-05-03T16:58:44","date_gmt":"2023-05-03T16:58:44","guid":{"rendered":"https:\/\/fisioinfinity.es\/?page_id=245"},"modified":"2023-05-12T17:50:53","modified_gmt":"2023-05-12T17:50:53","slug":"accesibilidad","status":"publish","type":"page","link":"https:\/\/fisioinfinity.es\/index.php\/accesibilidad\/","title":{"rendered":"Accesibilidad"},"content":{"rendered":"<p>[et_pb_section fb_built=&#8221;1&#8243; _builder_version=&#8221;4.20.1&#8243; _module_preset=&#8221;default&#8221; global_colors_info=&#8221;{}&#8221;][et_pb_row _builder_version=&#8221;4.20.1&#8243; _module_preset=&#8221;default&#8221; global_colors_info=&#8221;{}&#8221;][et_pb_column type=&#8221;4_4&#8243; _builder_version=&#8221;4.20.1&#8243; _module_preset=&#8221;default&#8221; global_colors_info=&#8221;{}&#8221;][et_pb_text _builder_version=&#8221;4.20.1&#8243; _module_preset=&#8221;default&#8221; global_colors_info=&#8221;{}&#8221;]<\/p>\n<h1>Accesibilidad<\/h1>\n<p><strong>FisioInfinity<\/strong> est\u00e1 comprometido con la accesibilidad en l\u00ednea para todas las personas, incluyendo aquellas con discapacidades o limitaciones en la capacidad de acceso. Nos esforzamos por hacer que nuestra web sea f\u00e1cil de usar y accesible para todos los usuarios.<\/p>\n<p>Estamos trabajando para garantizar que nuestra web cumpla con los est\u00e1ndares internacionales de accesibilidad establecidos por la World Wide Web Consortium (W3C) en las Pautas de Accesibilidad al Contenido Web (WCAG) 2.1. Nuestra web cumple con el nivel AA de las WCAG 2.1.<\/p>\n<p>Existen etiquetas de texto alternativo para las im\u00e1genes que facilitan el acceso a los usuarios con dificultades visuales.<\/p>\n<p>Existe un modelo de navegaci\u00f3n pensado para que las personas con dificultades en el manejo del rat\u00f3n puedan navegar usando elementos alternativos: sintetizadores de voz, teclado, dict\u00e1fonos\u2026<\/p>\n<p>El color y contraste de los elementos est\u00e1n pensados para que puedan ser apreciados correctamente por todos los usuarios.<\/p>\n<p>La forma y composici\u00f3n de los elementos permite identificar de forma sencilla e intuitiva la funci\u00f3n para la que est\u00e1n creados.<\/p>\n<p>Existen etiquetas que permiten la lectura y navegaci\u00f3n de los gr\u00e1ficos y tablas.<\/p>\n<p>Estamos comprometidos a hacer que nuestra web sea accesible para todas las personas. Si tiene alguna dificultad para acceder a la informaci\u00f3n en nuestra web, no dude en ponerse en contacto con nosotros. Haremos todo lo posible para proporcionar la informaci\u00f3n en un formato accesible y adecuado para usted.<\/p>\n<p>Si tiene comentarios o sugerencias sobre la accesibilidad de nuestra web, no dude en hac\u00e9rnoslos saber. Apreciamos sus comentarios y estamos comprometidos a mejorar la accesibilidad de nuestra web para todos los usuarios.<\/p>\n<p>[\/et_pb_text][\/et_pb_column][\/et_pb_row][\/et_pb_section]<\/p>\n","protected":false},"excerpt":{"rendered":"<p>Accesibilidad FisioInfinity est\u00e1 comprometido con la accesibilidad en l\u00ednea para todas las personas, incluyendo aquellas con discapacidades o limitaciones en la capacidad de acceso. Nos esforzamos por hacer que nuestra web sea f\u00e1cil de usar y accesible para todos los usuarios. Estamos trabajando para garantizar que nuestra web cumpla con los est\u00e1ndares internacionales de accesibilidad [&hellip;]<\/p>\n","protected":false},"author":1,"featured_media":0,"parent":0,"menu_order":0,"comment_status":"closed","ping_status":"closed","template":"","meta":{"_et_pb_use_builder":"on","_et_pb_old_content":"","_et_gb_content_width":"","footnotes":""},"class_list":["post-245","page","type-page","status-publish","hentry"],"yoast_head":"<!-- This site is optimized with the Yoast SEO plugin v24.5 - https:\/\/yoast.com\/wordpress\/plugins\/seo\/ -->\n<title>Accesibilidad - Fisioinfinity<\/title>\n<meta name=\"robots\" content=\"index, follow, max-snippet:-1, max-image-preview:large, max-video-preview:-1\" \/>\n<link rel=\"canonical\" href=\"https:\/\/fisioinfinity.es\/index.php\/accesibilidad\/\" \/>\n<meta property=\"og:locale\" content=\"es_ES\" \/>\n<meta property=\"og:type\" content=\"article\" \/>\n<meta property=\"og:title\" content=\"Accesibilidad - Fisioinfinity\" \/>\n<meta property=\"og:description\" content=\"Accesibilidad FisioInfinity est\u00e1 comprometido con la accesibilidad en l\u00ednea para todas las personas, incluyendo aquellas con discapacidades o limitaciones en la capacidad de acceso. Nos esforzamos por hacer que nuestra web sea f\u00e1cil de usar y accesible para todos los usuarios. Estamos trabajando para garantizar que nuestra web cumpla con los est\u00e1ndares internacionales de accesibilidad [&hellip;]\" \/>\n<meta property=\"og:url\" content=\"https:\/\/fisioinfinity.es\/index.php\/accesibilidad\/\" \/>\n<meta property=\"og:site_name\" content=\"Fisioinfinity\" \/>\n<meta property=\"article:modified_time\" content=\"2023-05-12T17:50:53+00:00\" \/>\n<meta name=\"twitter:card\" content=\"summary_large_image\" \/>\n<meta name=\"twitter:label1\" content=\"Est. reading time\" \/>\n\t<meta name=\"twitter:data1\" content=\"2 minutos\" \/>\n<script type=\"application\/ld+json\" class=\"yoast-schema-graph\">{\"@context\":\"https:\/\/schema.org\",\"@graph\":[{\"@type\":\"WebPage\",\"@id\":\"https:\/\/fisioinfinity.es\/index.php\/accesibilidad\/\",\"url\":\"https:\/\/fisioinfinity.es\/index.php\/accesibilidad\/\",\"name\":\"Accesibilidad - Fisioinfinity\",\"isPartOf\":{\"@id\":\"https:\/\/fisioinfinity.es\/#website\"},\"datePublished\":\"2023-05-03T16:58:44+00:00\",\"dateModified\":\"2023-05-12T17:50:53+00:00\",\"breadcrumb\":{\"@id\":\"https:\/\/fisioinfinity.es\/index.php\/accesibilidad\/#breadcrumb\"},\"inLanguage\":\"es-CR\",\"potentialAction\":[{\"@type\":\"ReadAction\",\"target\":[\"https:\/\/fisioinfinity.es\/index.php\/accesibilidad\/\"]}]},{\"@type\":\"BreadcrumbList\",\"@id\":\"https:\/\/fisioinfinity.es\/index.php\/accesibilidad\/#breadcrumb\",\"itemListElement\":[{\"@type\":\"ListItem\",\"position\":1,\"name\":\"Portada\",\"item\":\"https:\/\/fisioinfinity.es\/\"},{\"@type\":\"ListItem\",\"position\":2,\"name\":\"Accesibilidad\"}]},{\"@type\":\"WebSite\",\"@id\":\"https:\/\/fisioinfinity.es\/#website\",\"url\":\"https:\/\/fisioinfinity.es\/\",\"name\":\"Fisioinfinity\",\"description\":\"Cl\u00ednica de fisioterapia, osteopat\u00eda, pilates, entrenamiento personal y readaptaci\u00f3n deportiva\",\"potentialAction\":[{\"@type\":\"SearchAction\",\"target\":{\"@type\":\"EntryPoint\",\"urlTemplate\":\"https:\/\/fisioinfinity.es\/?s={search_term_string}\"},\"query-input\":{\"@type\":\"PropertyValueSpecification\",\"valueRequired\":true,\"valueName\":\"search_term_string\"}}],\"inLanguage\":\"es-CR\"}]}<\/script>\n<!-- \/ Yoast SEO plugin. -->","yoast_head_json":{"title":"Accesibilidad - Fisioinfinity","robots":{"index":"index","follow":"follow","max-snippet":"max-snippet:-1","max-image-preview":"max-image-preview:large","max-video-preview":"max-video-preview:-1"},"canonical":"https:\/\/fisioinfinity.es\/index.php\/accesibilidad\/","og_locale":"es_ES","og_type":"article","og_title":"Accesibilidad - Fisioinfinity","og_description":"Accesibilidad FisioInfinity est\u00e1 comprometido con la accesibilidad en l\u00ednea para todas las personas, incluyendo aquellas con discapacidades o limitaciones en la capacidad de acceso. Nos esforzamos por hacer que nuestra web sea f\u00e1cil de usar y accesible para todos los usuarios. Estamos trabajando para garantizar que nuestra web cumpla con los est\u00e1ndares internacionales de accesibilidad [&hellip;]","og_url":"https:\/\/fisioinfinity.es\/index.php\/accesibilidad\/","og_site_name":"Fisioinfinity","article_modified_time":"2023-05-12T17:50:53+00:00","twitter_card":"summary_large_image","twitter_misc":{"Est. reading time":"2 minutos"},"schema":{"@context":"https:\/\/schema.org","@graph":[{"@type":"WebPage","@id":"https:\/\/fisioinfinity.es\/index.php\/accesibilidad\/","url":"https:\/\/fisioinfinity.es\/index.php\/accesibilidad\/","name":"Accesibilidad - Fisioinfinity","isPartOf":{"@id":"https:\/\/fisioinfinity.es\/#website"},"datePublished":"2023-05-03T16:58:44+00:00","dateModified":"2023-05-12T17:50:53+00:00","breadcrumb":{"@id":"https:\/\/fisioinfinity.es\/index.php\/accesibilidad\/#breadcrumb"},"inLanguage":"es-CR","potentialAction":[{"@type":"ReadAction","target":["https:\/\/fisioinfinity.es\/index.php\/accesibilidad\/"]}]},{"@type":"BreadcrumbList","@id":"https:\/\/fisioinfinity.es\/index.php\/accesibilidad\/#breadcrumb","itemListElement":[{"@type":"ListItem","position":1,"name":"Portada","item":"https:\/\/fisioinfinity.es\/"},{"@type":"ListItem","position":2,"name":"Accesibilidad"}]},{"@type":"WebSite","@id":"https:\/\/fisioinfinity.es\/#website","url":"https:\/\/fisioinfinity.es\/","name":"Fisioinfinity","description":"Cl\u00ednica de fisioterapia, osteopat\u00eda, pilates, entrenamiento personal y readaptaci\u00f3n deportiva","potentialAction":[{"@type":"SearchAction","target":{"@type":"EntryPoint","urlTemplate":"https:\/\/fisioinfinity.es\/?s={search_term_string}"},"query-input":{"@type":"PropertyValueSpecification","valueRequired":true,"valueName":"search_term_string"}}],"inLanguage":"es-CR"}]}},"_links":{"self":[{"href":"https:\/\/fisioinfinity.es\/index.php\/wp-json\/wp\/v2\/pages\/245","targetHints":{"allow":["GET"]}}],"collection":[{"href":"https:\/\/fisioinfinity.es\/index.php\/wp-json\/wp\/v2\/pages"}],"about":[{"href":"https:\/\/fisioinfinity.es\/index.php\/wp-json\/wp\/v2\/types\/page"}],"author":[{"embeddable":true,"href":"https:\/\/fisioinfinity.es\/index.php\/wp-json\/wp\/v2\/users\/1"}],"replies":[{"embeddable":true,"href":"https:\/\/fisioinfinity.es\/index.php\/wp-json\/wp\/v2\/comments?post=245"}],"version-history":[{"count":4,"href":"https:\/\/fisioinfinity.es\/index.php\/wp-json\/wp\/v2\/pages\/245\/revisions"}],"predecessor-version":[{"id":288,"href":"https:\/\/fisioinfinity.es\/index.php\/wp-json\/wp\/v2\/pages\/245\/revisions\/288"}],"wp:attachment":[{"href":"https:\/\/fisioinfinity.es\/index.php\/wp-json\/wp\/v2\/media?parent=245"}],"curies":[{"name":"wp","href":"https:\/\/api.w.org\/{rel}","templated":true}]}}